{"id":1359,"date":"2021-01-30T01:33:19","date_gmt":"2021-01-30T01:33:19","guid":{"rendered":"https:\/\/valeriacursos.com.br\/?page_id=1359"},"modified":"2021-02-28T16:55:19","modified_gmt":"2021-02-28T16:55:19","slug":"turma-kids","status":"publish","type":"page","link":"https:\/\/valeriacursos.com.br\/?page_id=1359","title":{"rendered":"6\u00ba ou 7\u00ba ano (Turma Kids)"},"content":{"rendered":"\t\t<div data-elementor-type=\"wp-page\" data-elementor-id=\"1359\" class=\"elementor elementor-1359\" data-elementor-post-type=\"page\">\n\t\t\t\t\t\t<section class=\"elementor-section elementor-top-section elementor-element elementor-element-be62f6a elementor-section-boxed elementor-section-height-default elementor-section-height-default\" data-id=\"be62f6a\" data-element_type=\"section\" data-e-type=\"section\">\n\t\t\t\t\t\t<div class=\"elementor-container elementor-column-gap-default\">\n\t\t\t\t\t<div class=\"elementor-column elementor-col-100 elementor-top-column elementor-element elementor-element-6af0893\" data-id=\"6af0893\" data-element_type=\"column\" data-e-type=\"column\">\n\t\t\t<div class=\"elementor-widget-wrap elementor-element-populated\">\n\t\t\t\t\t\t<div class=\"elementor-element elementor-element-dcd6961 elementor-invisible elementor-widget elementor-widget-heading\" data-id=\"dcd6961\" data-element_type=\"widget\" data-e-type=\"widget\" data-settings=\"{&quot;_animation&quot;:&quot;slideInLeft&quot;}\" data-widget_type=\"heading.default\">\n\t\t\t\t<div class=\"elementor-widget-container\">\n\t\t\t\t\t<h3 class=\"elementor-heading-title elementor-size-default\">6\u00ba ou 7\u00ba ano (Turma Kids)<\/h3>\t\t\t\t<\/div>\n\t\t\t\t<\/div>\n\t\t\t\t<div class=\"elementor-element elementor-element-0970097 elementor-widget-divider--view-line elementor-invisible elementor-widget elementor-widget-divider\" data-id=\"0970097\" data-element_type=\"widget\" data-e-type=\"widget\" data-settings=\"{&quot;_animation&quot;:&quot;slideInLeft&quot;,&quot;_animation_delay&quot;:100}\" data-widget_type=\"divider.default\">\n\t\t\t\t<div class=\"elementor-widget-container\">\n\t\t\t\t\t\t\t<div class=\"elementor-divider\">\n\t\t\t<span class=\"elementor-divider-separator\">\n\t\t\t\t\t\t<\/span>\n\t\t<\/div>\n\t\t\t\t\t\t<\/div>\n\t\t\t\t<\/div>\n\t\t\t\t\t<\/div>\n\t\t<\/div>\n\t\t\t\t\t<\/div>\n\t\t<\/section>\n\t\t\t\t<section class=\"elementor-section elementor-top-section elementor-element elementor-element-284255f elementor-section-boxed elementor-section-height-default elementor-section-height-default\" data-id=\"284255f\" data-element_type=\"section\" data-e-type=\"section\">\n\t\t\t\t\t\t<div class=\"elementor-container elementor-column-gap-default\">\n\t\t\t\t\t<div class=\"elementor-column elementor-col-100 elementor-top-column elementor-element elementor-element-213fee0\" data-id=\"213fee0\" data-element_type=\"column\" data-e-type=\"column\">\n\t\t\t<div class=\"elementor-widget-wrap elementor-element-populated\">\n\t\t\t\t\t\t<div class=\"elementor-element elementor-element-ced7138 elementor-invisible elementor-widget elementor-widget-text-editor\" data-id=\"ced7138\" data-element_type=\"widget\" data-e-type=\"widget\" data-settings=\"{&quot;_animation&quot;:&quot;fadeInLeft&quot;,&quot;_animation_delay&quot;:150}\" data-widget_type=\"text-editor.default\">\n\t\t\t\t<div class=\"elementor-widget-container\">\n\t\t\t\t\t\t\t\t\t<h5><span style=\"color: #003366;\"><strong>O que a Turma Kids oferece?<\/strong><\/span><\/h5>\t\t\t\t\t\t\t\t<\/div>\n\t\t\t\t<\/div>\n\t\t\t\t<div class=\"elementor-element elementor-element-8eb2b4c elementor-invisible elementor-widget elementor-widget-text-editor\" data-id=\"8eb2b4c\" data-element_type=\"widget\" data-e-type=\"widget\" data-settings=\"{&quot;_animation&quot;:&quot;zoomInLeft&quot;,&quot;_animation_delay&quot;:300}\" data-widget_type=\"text-editor.default\">\n\t\t\t\t<div class=\"elementor-widget-container\">\n\t\t\t\t\t\t\t\t\t<p>Com professores especialistas em Portugu\u00eas e Matem\u00e1tica, a Turma Kids vai ajud\u00e1-lo a fazer desses dois anos escolares muito mais f\u00e1ceis e de grande aprendizado.<br \/>&#8211; Conte\u00fados divididos em m\u00f3dulos;<br \/>&#8211; Apoio escolar;<br \/>&#8211; Aprofundamento do conte\u00fado que est\u00e1 sendo abordado na escola;<br \/>&#8211; Ferramenta \u201cTira-d\u00favidas\u201d \u2013 resolu\u00e7\u00e3o de questionamentos que fazem parte das tarefas da escola e do curso;<br \/>&#8211; Semana \u201cPara tudo!\u201d &#8211; aux\u00edlio espec\u00edfico antes das provas escolares;<br \/>&#8211; Projeto \u201cD\u00e1 tempo!\u201d &#8211; refor\u00e7o em conte\u00fados do ano de 2020 que tenham sido prejudicados devido ao estudo remoto;<br \/>&#8211; Foco e disciplina no desenvolvimento do h\u00e1bito de estudo;<br \/>&#8211; Trabalho humanizado;<br \/>&#8211; Transpar\u00eancia com pais e\/ou respons\u00e1veis.<\/p>\t\t\t\t\t\t\t\t<\/div>\n\t\t\t\t<\/div>\n\t\t\t\t<div class=\"elementor-element elementor-element-919ffca elementor-invisible elementor-widget elementor-widget-text-editor\" data-id=\"919ffca\" data-element_type=\"widget\" data-e-type=\"widget\" data-settings=\"{&quot;_animation&quot;:&quot;slideInLeft&quot;,&quot;_animation_delay&quot;:500}\" data-widget_type=\"text-editor.default\">\n\t\t\t\t<div class=\"elementor-widget-container\">\n\t\t\t\t\t\t\t\t\t<h6 style=\"text-align: center;\"><span style=\"color: #003366;\"><strong>Quais s\u00e3o as mat\u00e9rias da Turma Kids?<\/strong><\/span><\/h6><p><span style=\"color: #000000;\"><strong>1 &#8211; PORTUGU\u00caS<\/strong><\/span><\/p><p>Todo trabalho \u00e9 desenvolvido de acordo com os eixos do componente curricular abordados no ano escolar do(a) aluno(a), entre eles:<\/p>\t\t\t\t\t\t\t\t<\/div>\n\t\t\t\t<\/div>\n\t\t\t\t<div class=\"elementor-element elementor-element-cf84e06 elementor-invisible elementor-widget elementor-widget-image\" data-id=\"cf84e06\" data-element_type=\"widget\" data-e-type=\"widget\" data-settings=\"{&quot;_animation&quot;:&quot;fadeIn&quot;,&quot;_animation_delay&quot;:300}\" data-widget_type=\"image.default\">\n\t\t\t\t<div class=\"elementor-widget-container\">\n\t\t\t\t\t\t\t\t\t\t\t\t\t\t\t<img fetchpriority=\"high\" decoding=\"async\" width=\"502\" height=\"543\" src=\"https:\/\/valeriacursos.com.br\/wp-content\/uploads\/2021\/02\/info-LP.png\" class=\"attachment-large size-large wp-image-1612\" alt=\"\" srcset=\"https:\/\/valeriacursos.com.br\/wp-content\/uploads\/2021\/02\/info-LP.png 502w, https:\/\/valeriacursos.com.br\/wp-content\/uploads\/2021\/02\/info-LP-277x300.png 277w\" sizes=\"(max-width: 502px) 100vw, 502px\" \/>\t\t\t\t\t\t\t\t\t\t\t\t\t\t\t<\/div>\n\t\t\t\t<\/div>\n\t\t\t\t\t<\/div>\n\t\t<\/div>\n\t\t\t\t\t<\/div>\n\t\t<\/section>\n\t\t\t\t<section class=\"elementor-section elementor-top-section elementor-element elementor-element-085b702 elementor-section-boxed elementor-section-height-default elementor-section-height-default\" data-id=\"085b702\" data-element_type=\"section\" data-e-type=\"section\">\n\t\t\t\t\t\t<div class=\"elementor-container elementor-column-gap-default\">\n\t\t\t\t\t<div class=\"elementor-column elementor-col-100 elementor-top-column elementor-element elementor-element-aa65329\" data-id=\"aa65329\" data-element_type=\"column\" data-e-type=\"column\">\n\t\t\t<div class=\"elementor-widget-wrap elementor-element-populated\">\n\t\t\t\t\t\t<div class=\"elementor-element elementor-element-818f4a4 elementor-invisible elementor-widget elementor-widget-text-editor\" data-id=\"818f4a4\" data-element_type=\"widget\" data-e-type=\"widget\" data-settings=\"{&quot;_animation&quot;:&quot;slideInUp&quot;,&quot;_animation_delay&quot;:300}\" data-widget_type=\"text-editor.default\">\n\t\t\t\t<div class=\"elementor-widget-container\">\n\t\t\t\t\t\t\t\t\t<p style=\"font-size: 15px; font-style: normal; font-weight: 400;\">As aulas semanais s\u00e3o organizadas com o intuito de acompanhar e refor\u00e7ar o que est\u00e1 sendo trabalhado pelos professores da escola, de modo que as necessidades de aprendizagem em Portugu\u00eas possam ser resolvidas.<\/p><h5 style=\"font-size: 15px; font-style: normal; font-weight: 400;\"><strong>2 &#8211; MATEM\u00c1TICA<\/strong><\/h5><p style=\"font-size: 15px; font-style: normal; font-weight: 400;\">Todo trabalho \u00e9 desenvolvido por meio da articula\u00e7\u00e3o dos campos do componente curricular, abordados no ano escolar do(a) aluno(a).<\/p>\t\t\t\t\t\t\t\t<\/div>\n\t\t\t\t<\/div>\n\t\t\t\t\t<\/div>\n\t\t<\/div>\n\t\t\t\t\t<\/div>\n\t\t<\/section>\n\t\t\t\t<section class=\"elementor-section elementor-top-section elementor-element elementor-element-cb3c2b9 elementor-section-boxed elementor-section-height-default elementor-section-height-default\" data-id=\"cb3c2b9\" data-element_type=\"section\" data-e-type=\"section\">\n\t\t\t\t\t\t<div class=\"elementor-container elementor-column-gap-default\">\n\t\t\t\t\t<div class=\"elementor-column elementor-col-100 elementor-top-column elementor-element elementor-element-982e902\" data-id=\"982e902\" data-element_type=\"column\" data-e-type=\"column\">\n\t\t\t<div class=\"elementor-widget-wrap elementor-element-populated\">\n\t\t\t\t\t\t<div class=\"elementor-element elementor-element-ea13bd7 elementor-invisible elementor-widget elementor-widget-text-editor\" data-id=\"ea13bd7\" data-element_type=\"widget\" data-e-type=\"widget\" data-settings=\"{&quot;_animation&quot;:&quot;slideInUp&quot;,&quot;_animation_delay&quot;:200}\" data-widget_type=\"text-editor.default\">\n\t\t\t\t<div class=\"elementor-widget-container\">\n\t\t\t\t\t\t\t\t\t<p style=\"font-size: 15px; font-style: normal; font-weight: 400;\">As aulas semanais s\u00e3o organizadas com o intuito de acompanhar e refor\u00e7ar o que est\u00e1 sendo trabalhado pelos professores da escola, de modo que as necessidades de aprendizagem em Matem\u00e1tica possam ser resolvidas.<\/p><p style=\"font-size: 15px; font-style: normal; font-weight: 400;\"><span style=\"font-size: 15px; font-weight: bold;\">Qual \u00e9 a metodologia da Turma Kids?<\/span><\/p><ol style=\"font-size: 15px; font-style: normal; font-weight: 400;\"><li style=\"font-size: 15px;\">Aulas duas vezes por semana:\u00a0<br \/><strong>Ter\u00e7as e quintas<\/strong><\/li><li style=\"font-size: 15px;\">Per\u00edodos<br \/><strong>Manh\u00e3: das 8h30min \u00e0s 11h<\/strong><br \/><strong>Tarde: das 15h \u00e0s 17h30min<\/strong><\/li><li style=\"font-size: 15px;\">Estrat\u00e9gias<br \/>Organiza\u00e7\u00e3o dos conte\u00fados em m\u00f3dulos;<br \/>Exerc\u00edcios de fixa\u00e7\u00e3o;<br \/>Tarefas semanais, revisadas uma a uma na data de entrega;<br \/>Desenvolvimento de habilidades para resolu\u00e7\u00e3o de quest\u00f5es interpretativas tanto em Portugu\u00eas quanto em Matem\u00e1tica;<br \/>Refor\u00e7o escolar com acompanhamento pedag\u00f3gico;<br \/>Comunica\u00e7\u00e3o aberta com a fam\u00edlia sobre o desempenho do(a) estudante;<br \/>Testes que avaliam o desenvolvimento ao longo do curso;<br \/>Parceria alunos(as)\/professores;<br \/>Ferramentas e projetos que orientam as aulas;<br \/>Utiliza\u00e7\u00e3o de agenda visando \u00e0 amplia\u00e7\u00e3o de diferentes formas de se organizar.<\/li><\/ol>\t\t\t\t\t\t\t\t<\/div>\n\t\t\t\t<\/div>\n\t\t\t\t\t<\/div>\n\t\t<\/div>\n\t\t\t\t\t<\/div>\n\t\t<\/section>\n\t\t\t\t<section class=\"elementor-section elementor-top-section elementor-element elementor-element-4a307a8 elementor-section-boxed elementor-section-height-default elementor-section-height-default\" data-id=\"4a307a8\" data-element_type=\"section\" data-e-type=\"section\">\n\t\t\t\t\t\t<div class=\"elementor-container elementor-column-gap-default\">\n\t\t\t\t\t<div class=\"elementor-column elementor-col-100 elementor-top-column elementor-element elementor-element-77b0053\" data-id=\"77b0053\" data-element_type=\"column\" data-e-type=\"column\">\n\t\t\t<div class=\"elementor-widget-wrap elementor-element-populated\">\n\t\t\t\t\t\t<div class=\"elementor-element elementor-element-12e8065 elementor-invisible elementor-widget elementor-widget-text-editor\" data-id=\"12e8065\" data-element_type=\"widget\" data-e-type=\"widget\" data-settings=\"{&quot;_animation&quot;:&quot;pulse&quot;}\" data-widget_type=\"text-editor.default\">\n\t\t\t\t<div class=\"elementor-widget-container\">\n\t\t\t\t\t\t\t\t\t<h6 style=\"text-align: center;\"><span style=\"color: #003366;\"><strong>Val\u00e9ria Cursos Preparat\u00f3rios \u2013 O primeiro passo para o futuro!<\/strong><\/span><\/h6>\t\t\t\t\t\t\t\t<\/div>\n\t\t\t\t<\/div>\n\t\t\t\t\t<\/div>\n\t\t<\/div>\n\t\t\t\t\t<\/div>\n\t\t<\/section>\n\t\t\t\t<\/div>\n\t\t","protected":false},"excerpt":{"rendered":"<p>6\u00ba ou 7\u00ba ano (Turma Kids) O que a Turma Kids oferece? Com professores especialistas em Portugu\u00eas e Matem\u00e1tica, a Turma Kids vai ajud\u00e1-lo a fazer desses dois anos escolares muito mais f\u00e1ceis e de grande aprendizado.&#8211; Conte\u00fados divididos em m\u00f3dulos;&#8211; Apoio escolar;&#8211; Aprofundamento do conte\u00fado que est\u00e1 sendo abordado na escola;&#8211; Ferramenta \u201cTira-d\u00favidas\u201d \u2013 [&hellip;]<\/p>\n","protected":false},"author":1,"featured_media":0,"parent":0,"menu_order":0,"comment_status":"closed","ping_status":"closed","template":"","meta":{"footnotes":""},"class_list":["post-1359","page","type-page","status-publish","hentry"],"_links":{"self":[{"href":"https:\/\/valeriacursos.com.br\/index.php?rest_route=\/wp\/v2\/pages\/1359","targetHints":{"allow":["GET"]}}],"collection":[{"href":"https:\/\/valeriacursos.com.br\/index.php?rest_route=\/wp\/v2\/pages"}],"about":[{"href":"https:\/\/valeriacursos.com.br\/index.php?rest_route=\/wp\/v2\/types\/page"}],"author":[{"embeddable":true,"href":"https:\/\/valeriacursos.com.br\/index.php?rest_route=\/wp\/v2\/users\/1"}],"replies":[{"embeddable":true,"href":"https:\/\/valeriacursos.com.br\/index.php?rest_route=%2Fwp%2Fv2%2Fcomments&post=1359"}],"version-history":[{"count":69,"href":"https:\/\/valeriacursos.com.br\/index.php?rest_route=\/wp\/v2\/pages\/1359\/revisions"}],"predecessor-version":[{"id":1647,"href":"https:\/\/valeriacursos.com.br\/index.php?rest_route=\/wp\/v2\/pages\/1359\/revisions\/1647"}],"wp:attachment":[{"href":"https:\/\/valeriacursos.com.br\/index.php?rest_route=%2Fwp%2Fv2%2Fmedia&parent=1359"}],"curies":[{"name":"wp","href":"https:\/\/api.w.org\/{rel}","templated":true}]}}